{"id":2,"date":"2010-11-29T13:24:04","date_gmt":"2010-11-29T12:24:04","guid":{"rendered":"http:\/\/localhost\/brandfuel\/wp\/?page_id=2"},"modified":"2018-10-15T10:54:26","modified_gmt":"2018-10-15T09:54:26","slug":"om","status":"publish","type":"page","link":"https:\/\/www.brandfuel.se\/?page_id=2","title":{"rendered":"Om Brand Fuel"},"content":{"rendered":"<p>Vi har f\u00f6rm\u00e5nen att presentera ett bolag som \u00e4r unikt p\u00e5 den nordiska marknaden idag. Brand Fuel har tagit ett nytt grepp vad g\u00e4ller<br \/>\ns\u00e4ttet att se p\u00e5 rekryteringskommunikation och vilken niv\u00e5 p\u00e5 kompetens som en samarbetspartner inom employer branding skall<br \/>\nerbjuda. Genom att anlita Brand Fuel kommer ni att attrahera fler och b\u00e4ttre kandidater, vilket leder till att snabbt l\u00f6sa ert<br \/>\nrekryteringsbehov till en l\u00e4gre kostnad. Det g\u00f6r vi genom att skapa en kostnadseffektiv, kreativ och l\u00e5ngsiktigt h\u00e5llbar<br \/>\nrekryteringskommunikation som g\u00f6r att\u00a0ni framst\u00e5r som en attraktiv och unik arbetsgivare.<\/p>\n<p>V\u00e5rt utbud av tj\u00e4nster str\u00e4cker sig fr\u00e5n avancerad kommunikationsstrategi, m\u00e5lgruppsanalys och reklamutformning<br \/>\ntill arbetet med strategi, taktik och planering f\u00f6r ett optimalt medieval. Oavsett om ni som kund v\u00e4ljer att anv\u00e4nda<br \/>\ner av hela v\u00e5rt tj\u00e4nsteutbud eller enbart vissa delar s\u00e5 kommer ni att uppt\u00e4cka hur vi har skapat en optimal<br \/>\nkombination av erfarna medarbetare, kundanpassad service och ett flexibelt tj\u00e4nsteutbud.<\/p>\n<p><strong>Internationellt n\u00e4tverk<\/strong><\/p>\n<p>Vi \u00e4r en del av <span style=\"text-decoration: underline;\"><a onclick=\"javascript:pageTracker._trackPageview('\/outgoing\/www.tmpworldwide.com');\"  href=\"http:\/\/www.tmpworldwide.com\" target=\"_blank\">TMP Worldwide<\/a><\/span>, det ledande globala n\u00e4tverket inom rekryteringskommunikation, vilket best\u00e5r<br \/>\nav de ledande byr\u00e5erna i varje land\/region. Brand Fuel representerar d\u00e4rmed dess nordiska gren. I TMP<br \/>\nn\u00e4tverket finns bland annat v\u00e4rldsledande kompetens inom employer branding, nya medier och<br \/>\nglobala rekryteringskoncept. TMP Worldwide har funnits sedan 1967 och har idag \u00f6ver 1\u00a0500<br \/>\nanst\u00e4llda \u00f6ver hela v\u00e4rlden. Det ger oss m\u00f6jligheten att anv\u00e4nda internationell erfarenhet<br \/>\noch kunskap f\u00f6r att hj\u00e4lpa er med kommunikation i Norden eller andra delar av v\u00e4rlden.<\/p>\n<p><strong>Mer om Brand Fuel<\/strong><\/p>\n<p>Brand Fuel startade 2003 som ett aff\u00e4rsomr\u00e5de inom ett skandinaviskt TMP Worldwide bolag.<br \/>\n\u00c5r 2005 bolagiserades f\u00f6retaget f\u00f6r att kunna fokusera p\u00e5 v\u00e5r m\u00e5ls\u00e4ttningen att f\u00f6r\u00e4ndra s\u00e4ttet som<br \/>\nf\u00f6retag t\u00e4nker kring rekryteringsannonsering. Vi skapade d\u00e4rf\u00f6r en employer branding byr\u00e5 med tung<br \/>\nkompetens inom b\u00e5de strategi, kreativa tj\u00e4nster och medier\u00e5dgivning. Grundare av\u00a0f\u00f6retaget \u00e4r Fredrik<br \/>\nFiaschi som idag \u00e4r VD och senior employer branding r\u00e5dgivare p\u00e5 Brand Fuel. Han \u00e4r en mycket erfaren<br \/>\nprofil inom reklam och media med specialistkompetens inom bland annat varum\u00e4rkeskommunikation,<br \/>\nmediestrategi och reklameffekter. Fredrik \u00e4r idag aktiv i Brand Fuels ledande uppdrag och en<br \/>\nefterfr\u00e5gad r\u00e5dgivare i kommunikationsfr\u00e5gor.<\/p>\n<p>Kontakta oss! \u00c4r du intresserad av ett framg\u00e5ngsrikt samarbete s\u00e5 n\u00e5r du oss p\u00e5\u00a0<a onclick=\"javascript:pageTracker._trackPageview('\/mailto\/info@brandfuel.se');\"  href=\"mailto:info@brandfuel.se\">info@brandfuel.se<\/a>.<\/p>\n<p>Eller varf\u00f6r inte kontakta v\u00e5r VD Fredrik Fiaschi direkt p\u00e5 telefon 0735-033\u00a0552.<\/p>\n<p>Bes\u00f6ksadressen \u00e4r Stureplan 4C. V\u00e4lkommen!<\/p>\n","protected":false},"excerpt":{"rendered":"<p>Vi har f\u00f6rm\u00e5nen att presentera ett bolag som \u00e4r unikt p\u00e5 den nordiska marknaden idag. Brand Fuel har tagit ett nytt grepp vad g\u00e4ller s\u00e4ttet att se p\u00e5 rekryteringskommunikation och vilken niv\u00e5 p\u00e5 kompetens som en samarbetspartner inom employer branding &hellip; <a href=\"https:\/\/www.brandfuel.se\/?page_id=2\">L\u00e4s mer <span class=\"meta-nav\">&rarr;<\/span><\/a><\/p>\n","protected":false},"author":1,"featured_media":0,"parent":0,"menu_order":3,"comment_status":"open","ping_status":"closed","template":"flame.php","meta":{"ngg_post_thumbnail":0},"_links":{"self":[{"href":"https:\/\/www.brandfuel.se\/index.php?rest_route=\/wp\/v2\/pages\/2"}],"collection":[{"href":"https:\/\/www.brandfuel.se\/index.php?rest_route=\/wp\/v2\/pages"}],"about":[{"href":"https:\/\/www.brandfuel.se\/index.php?rest_route=\/wp\/v2\/types\/page"}],"author":[{"embeddable":true,"href":"https:\/\/www.brandfuel.se\/index.php?rest_route=\/wp\/v2\/users\/1"}],"replies":[{"embeddable":true,"href":"https:\/\/www.brandfuel.se\/index.php?rest_route=%2Fwp%2Fv2%2Fcomments&post=2"}],"version-history":[{"count":41,"href":"https:\/\/www.brandfuel.se\/index.php?rest_route=\/wp\/v2\/pages\/2\/revisions"}],"predecessor-version":[{"id":500,"href":"https:\/\/www.brandfuel.se\/index.php?rest_route=\/wp\/v2\/pages\/2\/revisions\/500"}],"wp:attachment":[{"href":"https:\/\/www.brandfuel.se\/index.php?rest_route=%2Fwp%2Fv2%2Fmedia&parent=2"}],"curies":[{"name":"wp","href":"https:\/\/api.w.org\/{rel}","templated":true}]}}