{"id":4,"date":"2010-11-29T14:43:10","date_gmt":"2010-11-29T13:43:10","guid":{"rendered":"http:\/\/localhost\/brandfuel\/wp\/?page_id=4"},"modified":"2021-09-15T09:10:02","modified_gmt":"2021-09-15T08:10:02","slug":"start","status":"publish","type":"page","link":"https:\/\/www.brandfuel.se\/","title":{"rendered":"Start"},"content":{"rendered":"<h1>Employer branding med h\u00f6gre effekt<\/h1>\n<p>Vill ni ocks\u00e5 ta del av v\u00e5ra innovativa tj\u00e4nster inom digitala och sociala medier? Vi \u00e4r Nordens ledande employer branding byr\u00e5 och en del av det globala n\u00e4tverket TMP Worldwide. V\u00e5r oslagbara f\u00f6rm\u00e5ga att f\u00f6rb\u00e4ttra f\u00f6retags rekryterings\u00adannon\u00adsering och skapa starka employer brands ger dig en unik f\u00f6rdel som arbetsgivare. Vi arbetar \u00f6ver hela Norden och har genomf\u00f6rt hundra\u00adtals framg\u00e5ngsrika rekryteringskampanjer p\u00e5 lokal, nationell och pan-Nordisk niv\u00e5.<\/p>\n<p><a class=\"button\" title=\"Till sidan tj\u00e4nster\" href=\"https:\/\/www.brandfuel.se\/?page_id=67\">Mer om Employer Branding<\/a><\/p>\n","protected":false},"excerpt":{"rendered":"<p>Employer branding med h\u00f6gre effekt Vill ni ocks\u00e5 ta del av v\u00e5ra innovativa tj\u00e4nster inom digitala och sociala medier? Vi \u00e4r Nordens ledande employer branding byr\u00e5 och en del av det globala n\u00e4tverket TMP Worldwide. V\u00e5r oslagbara f\u00f6rm\u00e5ga att f\u00f6rb\u00e4ttra &hellip; <a href=\"https:\/\/www.brandfuel.se\/\">L\u00e4s mer <span class=\"meta-nav\">&rarr;<\/span><\/a><\/p>\n","protected":false},"author":1,"featured_media":0,"parent":0,"menu_order":0,"comment_status":"closed","ping_status":"open","template":"startpage.php","meta":{"ngg_post_thumbnail":0},"_links":{"self":[{"href":"https:\/\/www.brandfuel.se\/index.php?rest_route=\/wp\/v2\/pages\/4"}],"collection":[{"href":"https:\/\/www.brandfuel.se\/index.php?rest_route=\/wp\/v2\/pages"}],"about":[{"href":"https:\/\/www.brandfuel.se\/index.php?rest_route=\/wp\/v2\/types\/page"}],"author":[{"embeddable":true,"href":"https:\/\/www.brandfuel.se\/index.php?rest_route=\/wp\/v2\/users\/1"}],"replies":[{"embeddable":true,"href":"https:\/\/www.brandfuel.se\/index.php?rest_route=%2Fwp%2Fv2%2Fcomments&post=4"}],"version-history":[{"count":26,"href":"https:\/\/www.brandfuel.se\/index.php?rest_route=\/wp\/v2\/pages\/4\/revisions"}],"predecessor-version":[{"id":521,"href":"https:\/\/www.brandfuel.se\/index.php?rest_route=\/wp\/v2\/pages\/4\/revisions\/521"}],"wp:attachment":[{"href":"https:\/\/www.brandfuel.se\/index.php?rest_route=%2Fwp%2Fv2%2Fmedia&parent=4"}],"curies":[{"name":"wp","href":"https:\/\/api.w.org\/{rel}","templated":true}]}}