{"id":498,"date":"2018-10-15T10:37:58","date_gmt":"2018-10-15T09:37:58","guid":{"rendered":"http:\/\/www.brandfuel.se\/?page_id=498"},"modified":"2019-10-17T09:43:24","modified_gmt":"2019-10-17T08:43:24","slug":"kontakt","status":"publish","type":"page","link":"https:\/\/www.brandfuel.se\/?page_id=498","title":{"rendered":"Kontakt"},"content":{"rendered":"<p>info@brandfuel.se<\/p>\n<p>Telefon: 08-515 145 50<\/p>\n<p>Bes\u00f6ksadress: \u00d6stermalmstorg 1, 3 trappor<\/p>\n<p>&nbsp;<\/p>\n<p>Kontaktperson f\u00f6r f\u00f6retagspresentation och samarbeten:<\/p>\n<p>Fredrik Fiaschi, Vd, Senior Employer Branding Advisor<\/p>\n<p>fredrik@brandfuel.se<\/p>\n<p>Telefon: 0735 033 552<\/p>\n","protected":false},"excerpt":{"rendered":"<p>info@brandfuel.se Telefon: 08-515 145 50 Bes\u00f6ksadress: \u00d6stermalmstorg 1, 3 trappor &nbsp; Kontaktperson f\u00f6r f\u00f6retagspresentation och samarbeten: Fredrik Fiaschi, Vd, Senior Employer Branding Advisor fredrik@brandfuel.se Telefon: 0735 033 552<\/p>\n","protected":false},"author":2,"featured_media":0,"parent":0,"menu_order":0,"comment_status":"closed","ping_status":"open","template":"","meta":{"ngg_post_thumbnail":0},"_links":{"self":[{"href":"https:\/\/www.brandfuel.se\/index.php?rest_route=\/wp\/v2\/pages\/498"}],"collection":[{"href":"https:\/\/www.brandfuel.se\/index.php?rest_route=\/wp\/v2\/pages"}],"about":[{"href":"https:\/\/www.brandfuel.se\/index.php?rest_route=\/wp\/v2\/types\/page"}],"author":[{"embeddable":true,"href":"https:\/\/www.brandfuel.se\/index.php?rest_route=\/wp\/v2\/users\/2"}],"replies":[{"embeddable":true,"href":"https:\/\/www.brandfuel.se\/index.php?rest_route=%2Fwp%2Fv2%2Fcomments&post=498"}],"version-history":[{"count":2,"href":"https:\/\/www.brandfuel.se\/index.php?rest_route=\/wp\/v2\/pages\/498\/revisions"}],"predecessor-version":[{"id":511,"href":"https:\/\/www.brandfuel.se\/index.php?rest_route=\/wp\/v2\/pages\/498\/revisions\/511"}],"wp:attachment":[{"href":"https:\/\/www.brandfuel.se\/index.php?rest_route=%2Fwp%2Fv2%2Fmedia&parent=498"}],"curies":[{"name":"wp","href":"https:\/\/api.w.org\/{rel}","templated":true}]}}